{"id":8,"date":"2024-08-06T13:56:19","date_gmt":"2024-08-06T13:56:19","guid":{"rendered":"https:\/\/ptm.xen1.de\/?page_id=8"},"modified":"2024-09-05T12:33:23","modified_gmt":"2024-09-05T12:33:23","slug":"unternehmen","status":"publish","type":"page","link":"https:\/\/ptm-mixer.com\/de\/unternehmen\/","title":{"rendered":"Unternehmen"},"content":{"rendered":"<div x-data x-intersect=\"$refs.video?.play()\" class=\"alignfull relative intro-block\">\n    <div class=\"h-[300px] xl:h-[400px] lg:h-[400px] relative overflow-hidden\">\n        <div class=\"absolute top-0 left-0 bottom-0 right-0\">\n                                        <video x-ref=\"video\" preload=\"none\" class=\"absolute w-full h-full object-cover\" src=\"https:\/\/ptm-mixer.com\/app\/uploads\/sites\/3\/2024\/09\/PTM-Start-shutterstock_1046344249-70_Speed.mp4\" loop muted playsinline><\/video>\n                        <div class=\"absolute bottom-0 w-full h-1\/2 bg-gradient-to-b to-psi\/80 from-psi\/0\"><\/div>\n            <div class=\"absolute bottom-[10%] w-full\">\n                <div class=\"container mx-auto xl:max-w-screen-xl w-full text-omega\">\n                    <div class=\"grid grid-cols-[1fr_1fr] lg:flex lg:items-end\">\n                                                <div class=\"acf-innerblocks-container flex-grow -order-1 col-span-2 lg:order-none\">\n\n<h1 class=\"wp-block-heading\" id=\"unser-mark-classhas-gradient-text-highlightunternehmenmark\">Unser <mark class=\"has-gradient-text-highlight\">Unternehmen<\/mark><\/h1>\n\n<\/div>\n                                            <\/div>\n                <\/div>\n            <\/div>\n        <\/div>\n    <\/div>\n<\/div>\n\n\n\n<h2 class=\"wp-block-heading\" id=\"unsere-mark-classhas-gradient-text-highlightvisionmark\">Unsere <mark class=\"has-gradient-text-highlight\">Vision<\/mark><\/h2>\n\n\n\n<div class=\"wp-block-columns is-layout-flex wp-container-core-columns-is-layout-1 wp-block-columns-is-layout-flex\">\n<div class=\"wp-block-column is-layout-flow wp-block-column-is-layout-flow\">\n<p><strong>Das intelligente R\u00fchrwerk<\/strong> &#8211; R\u00fchrwerkstechnik ist neben der F\u00fctterung und dem BHKW einer der wichtigsten Komponenten in einer Biogasanlage. Die Zukunft geh\u00f6rt daher dem intelligenten R\u00fchrwerk. Stellen Sie sich vor, sie k\u00f6nnten den technischen Zustand eines R\u00fchrwerks in Echtzeit \u00fcberwachen. So lie\u00dfe sich die Reparatur oder Wartung f\u00fcr den richtigen Zeitpunkt planen bevor der Schaden entstanden ist. Die Reparaturkosten sinken erheblich, weil damit die deutlich teureren Folgesch\u00e4den vermieden werden. Umsetzen l\u00e4sst sich ein solches System mit ausgereifter Sensorik zur \u00dcberwachung von Lager-, Motor-, und \u00d6ltemperatur sowie der Funktionsf\u00e4higkeit der Gleitringdichtungen.<\/p>\n\n\n\n<p>Denn Sch\u00e4den an R\u00fchrwerken entstehen nicht zuf\u00e4llig, sondern k\u00fcndigen sich in aller Regel \u00fcber Ver\u00e4nderungen im Verhalten an bestimmten Bauteilen der Maschine \u00fcber einen bestimmten Zeitraum an. Die Gr\u00fcnde daf\u00fcr k\u00f6nnen vielf\u00e4ltig sein. Wenn Sie jedoch wissen, in welchem Zustand sich das R\u00fchrwerk normalerweise befindet, k\u00f6nnen Sie bei Abweichung vom Normzustand wesentlich objektiver entscheiden ob es beispielsweise Sinn macht beim \u00d6ffnen eines Beh\u00e4lters ein R\u00fchrwerk mitzuwarten oder im Extremfall zu tauschen. Andererseits macht es aus wirtschaftlicher Sicht wenig Sinn ein R\u00fchrwerk vorbeugend aus dem Reaktor auszubauen<\/p>\n<\/div>\n\n\n\n<div class=\"wp-block-column is-layout-flow wp-block-column-is-layout-flow\">\n<p><strong>PTM-Cloud <\/strong>&#8211; Wenn Sie mit unserem PTM-Cloudsystem verbunden sind, machen wir Sie auch gerne auf Wunsch auf einen kritischen Betriebszustand aufmerksam und helfen Ihnen selbstverst\u00e4ndlich das Problem sicher und nachhaltig zu l\u00f6sen. So ist beispielsweise eine Gleitringdichtung schnell und kosteng\u00fcnstig ersetzt, wenn der Defekt rechtzeitig erkannt wird, bevor das Medium in das Getriebe oder den Motor eindringen kann.<\/p>\n\n\n\n<p><strong>Autopilot <\/strong>&#8211; Insbesondere in industriellen, aber auch kleineren professionell betriebenen Biogasanlagen ist die \u00dcberwachung des R\u00fchrerfolges eine zentrale zeitaufwendige Aufgabe. Da sich das Flie\u00dfverhalten st\u00e4ndig \u00e4ndert, kommt es sehr h\u00e4ufig entweder zu ungen\u00fcgendem R\u00fchren oder aber es wird Energie verschwendet, weil schlicht und einfach mit zu hoher Geschwindigkeit ger\u00fchrt wird. Ein Regelsystem welches die bestimmenden Faktoren auf die aufzuwendende R\u00fchrleistung in Echtzeit analysiert und zu einer intelligenten L\u00f6sung verbindet, kann dieses Problem vollautomatisch l\u00f6sen.<\/p>\n<\/div>\n<\/div>\n\n\n\n<h2 class=\"wp-block-heading\" id=\"unser-mark-classhas-gradient-text-highlightversprechenmark\">Unser <mark class=\"has-gradient-text-highlight\">Versprechen<\/mark><\/h2>\n\n\n<div class=\"alignfull isle-block overflow-clip\">\n    <div class=\"mx-auto container xl:max-w-screen-xl\">\n        <div class=\"grid gap-10 xl:gap-x-32 md:grid-cols-[1fr_1fr]\">\n            <div class=\"\">\n                <div class=\"acf-innerblocks-container\">\n\n<p><\/p>\n\n\n\n<p><strong>Langj\u00e4hrige Erfahrung<\/strong> &#8211; Ein anspruchsvolles R\u00fchrwerk kann nicht nur am Computer entwickelt werden. Wir wissen, dass neben einer soliden technischen Grundlage erst breites Anwendungswissen und langj\u00e4hrige Erfahrung einer Maschine wirkliche Praxistauglichkeit im h\u00e4rtesten Einsatz verleihen. Ausgehend von unserer Forschung und Entwicklung mittels modernster CFD Analyse wurden alle Features unter realen Bedingungen ohne Kompromisse entwickelt und umgesetzt.<\/p>\n\n\n\n<p><strong>Beste Werkstoffe <\/strong>&#8211; Diese erm\u00f6glichen hervorragende &amp; langlebige Produkte. In der Entwicklung unserer Technik haben wir daher darauf geachtet, dass die verwendeten Werkstoffe h\u00f6chsten Anforderungen in Bezug auf Verschlei\u00df, Haltbarkeit &amp; Funktionalit\u00e4t gen\u00fcgen. Das Material macht den Unterschied. Dies gilt insbesondere f\u00fcr die neuralgischen Stellen am R\u00fchrwerk wie Propeller, Motoren, Gleitringdichtungen und Getriebe.<\/p>\n\n\n\n<p><strong>Premium Zulieferer<\/strong> &#8211; Um langfristig ein Partner f\u00fcr Sie sein zu k\u00f6nnen, haben wir bei PTM ein entsprechendes Umfeld daf\u00fcr geschaffen. Dabei setzen wir auf potente Unternehmen, die sich durch hervorragende technologische Kenntnisse und h\u00f6chste Qualit\u00e4tsstandards auszeichnen. Dies f\u00fchrt dazu, dass Sie sich sicher sein k\u00f6nnen, Maschinen &amp; Ersatzteile auch nach langer Zeit passgenau und in h\u00f6chster Qualit\u00e4t erwerben zu k\u00f6nnen.<\/p>\n\n\n\n<p><strong>Einzelwerkskontrolle<\/strong> &#8211; Qualit\u00e4t &amp; Verl\u00e4sslichkeit sind die Leitlinien unseres Unternehmens. Daher ist unsere grundlegende Philosophie, jedes einzelne R\u00fchrwerk vor der Auslieferung zum Kunden kritisch zu pr\u00fcfen. Wir \u00fcberpr\u00fcfen die Funktion nach h\u00f6chsten Qualit\u00e4tsstandards, ganz konkret und bei jeder Maschine.<\/p>\n\n\n\n<h4 class=\"wp-block-heading\" id=\"brein-tauchmotorrhrwerk-fr-biogasanlagen-muss-mindestens-50000-betriebstunden-halten-dann-ist-es-fr-den-betreiber-wirtschaftlich-interessant\"><br>\u201eEin Tauchmotorr\u00fchrwerk f\u00fcr Biogasanlagen muss mindestens 50.000 Betriebstunden halten, dann ist es f\u00fcr den Betreiber wirtschaftlich interessant.\u201c<\/h4>\n\n<\/div>\n            <\/div>\n            <div class=\"relative\">\n                <img loading=\"lazy\" decoding=\"async\" width=\"1000\" height=\"676\" src=\"https:\/\/ptm-mixer.com\/app\/uploads\/sites\/3\/2024\/08\/kay-rostalski-e1724910144506.jpg\" class=\"block max-w-none edge-half-sidebar-right rounded-bl-[30px]\" alt=\"CEO Kay Rostalski\" srcset=\"https:\/\/ptm-mixer.com\/app\/uploads\/sites\/3\/2024\/08\/kay-rostalski-e1724910144506.jpg 1000w, https:\/\/ptm-mixer.com\/app\/uploads\/sites\/3\/2024\/08\/kay-rostalski-e1724910144506-300x203.jpg 300w, https:\/\/ptm-mixer.com\/app\/uploads\/sites\/3\/2024\/08\/kay-rostalski-e1724910144506-768x519.jpg 768w\" sizes=\"(max-width: 1000px) 100vw, 1000px\" \/>\n            <\/div>\n        <\/div>\n    <\/div>\n<\/div>\n","protected":false},"excerpt":{"rendered":"<p>Unsere Vision Das intelligente R\u00fchrwerk &#8211; R\u00fchrwerkstechnik ist neben der F\u00fctterung und dem BHKW einer der wichtigsten Komponenten in einer Biogasanlage. Die Zukunft geh\u00f6rt daher dem intelligenten R\u00fchrwerk. Stellen Sie sich vor, sie k\u00f6nnten den technischen Zustand eines R\u00fchrwerks in Echtzeit \u00fcberwachen. So lie\u00dfe sich die Reparatur oder Wartung f\u00fcr den richtigen Zeitpunkt planen bevor &hellip; <a href=\"https:\/\/ptm-mixer.com\/de\/unternehmen\/\">Continued<\/a><\/p>\n","protected":false},"author":1,"featured_media":0,"parent":0,"menu_order":0,"comment_status":"closed","ping_status":"closed","template":"","meta":{"_acf_changed":false,"footnotes":""},"acf":[],"yoast_head":"<!-- This site is optimized with the Yoast SEO plugin v23.7 - https:\/\/yoast.com\/wordpress\/plugins\/seo\/ -->\n<title>Unternehmen - PTM Deutsch<\/title>\n<meta name=\"robots\" content=\"index, follow, max-snippet:-1, max-image-preview:large, max-video-preview:-1\" \/>\n<link rel=\"canonical\" href=\"https:\/\/ptm-mixer.com\/de\/unternehmen\/\" \/>\n<meta property=\"og:locale\" content=\"de_DE\" \/>\n<meta property=\"og:type\" content=\"article\" \/>\n<meta property=\"og:title\" content=\"Unternehmen - PTM Deutsch\" \/>\n<meta property=\"og:description\" content=\"Unsere Vision Das intelligente R\u00fchrwerk &#8211; R\u00fchrwerkstechnik ist neben der F\u00fctterung und dem BHKW einer der wichtigsten Komponenten in einer Biogasanlage. Die Zukunft geh\u00f6rt daher dem intelligenten R\u00fchrwerk. Stellen Sie sich vor, sie k\u00f6nnten den technischen Zustand eines R\u00fchrwerks in Echtzeit \u00fcberwachen. So lie\u00dfe sich die Reparatur oder Wartung f\u00fcr den richtigen Zeitpunkt planen bevor &hellip; Continued\" \/>\n<meta property=\"og:url\" content=\"https:\/\/ptm-mixer.com\/de\/unternehmen\/\" \/>\n<meta property=\"og:site_name\" content=\"PTM Deutsch\" \/>\n<meta property=\"article:modified_time\" content=\"2024-09-05T12:33:23+00:00\" \/>\n<meta name=\"twitter:card\" content=\"summary_large_image\" \/>\n<meta name=\"twitter:label1\" content=\"Gesch\u00e4tzte Lesezeit\" \/>\n\t<meta name=\"twitter:data1\" content=\"3 Minuten\" \/>\n<script type=\"application\/ld+json\" class=\"yoast-schema-graph\">{\"@context\":\"https:\/\/schema.org\",\"@graph\":[{\"@type\":\"WebPage\",\"@id\":\"https:\/\/ptm-mixer.com\/de\/unternehmen\/\",\"url\":\"https:\/\/ptm-mixer.com\/de\/unternehmen\/\",\"name\":\"Unternehmen - PTM Deutsch\",\"isPartOf\":{\"@id\":\"https:\/\/ptm-mixer.com\/de\/#website\"},\"datePublished\":\"2024-08-06T13:56:19+00:00\",\"dateModified\":\"2024-09-05T12:33:23+00:00\",\"breadcrumb\":{\"@id\":\"https:\/\/ptm-mixer.com\/de\/unternehmen\/#breadcrumb\"},\"inLanguage\":\"de-DE\",\"potentialAction\":[{\"@type\":\"ReadAction\",\"target\":[\"https:\/\/ptm-mixer.com\/de\/unternehmen\/\"]}]},{\"@type\":\"BreadcrumbList\",\"@id\":\"https:\/\/ptm-mixer.com\/de\/unternehmen\/#breadcrumb\",\"itemListElement\":[{\"@type\":\"ListItem\",\"position\":1,\"name\":\"Home\",\"item\":\"https:\/\/ptm-mixer.com\/de\/\"},{\"@type\":\"ListItem\",\"position\":2,\"name\":\"Unternehmen\"}]},{\"@type\":\"WebSite\",\"@id\":\"https:\/\/ptm-mixer.com\/de\/#website\",\"url\":\"https:\/\/ptm-mixer.com\/de\/\",\"name\":\"PTM Deutsch\",\"description\":\"\",\"potentialAction\":[{\"@type\":\"SearchAction\",\"target\":{\"@type\":\"EntryPoint\",\"urlTemplate\":\"https:\/\/ptm-mixer.com\/de\/?s={search_term_string}\"},\"query-input\":{\"@type\":\"PropertyValueSpecification\",\"valueRequired\":true,\"valueName\":\"search_term_string\"}}],\"inLanguage\":\"de-DE\"}]}<\/script>\n<!-- \/ Yoast SEO plugin. -->","yoast_head_json":{"title":"Unternehmen - PTM Deutsch","robots":{"index":"index","follow":"follow","max-snippet":"max-snippet:-1","max-image-preview":"max-image-preview:large","max-video-preview":"max-video-preview:-1"},"canonical":"https:\/\/ptm-mixer.com\/de\/unternehmen\/","og_locale":"de_DE","og_type":"article","og_title":"Unternehmen - PTM Deutsch","og_description":"Unsere Vision Das intelligente R\u00fchrwerk &#8211; R\u00fchrwerkstechnik ist neben der F\u00fctterung und dem BHKW einer der wichtigsten Komponenten in einer Biogasanlage. Die Zukunft geh\u00f6rt daher dem intelligenten R\u00fchrwerk. Stellen Sie sich vor, sie k\u00f6nnten den technischen Zustand eines R\u00fchrwerks in Echtzeit \u00fcberwachen. So lie\u00dfe sich die Reparatur oder Wartung f\u00fcr den richtigen Zeitpunkt planen bevor &hellip; Continued","og_url":"https:\/\/ptm-mixer.com\/de\/unternehmen\/","og_site_name":"PTM Deutsch","article_modified_time":"2024-09-05T12:33:23+00:00","twitter_card":"summary_large_image","twitter_misc":{"Gesch\u00e4tzte Lesezeit":"3 Minuten"},"schema":{"@context":"https:\/\/schema.org","@graph":[{"@type":"WebPage","@id":"https:\/\/ptm-mixer.com\/de\/unternehmen\/","url":"https:\/\/ptm-mixer.com\/de\/unternehmen\/","name":"Unternehmen - PTM Deutsch","isPartOf":{"@id":"https:\/\/ptm-mixer.com\/de\/#website"},"datePublished":"2024-08-06T13:56:19+00:00","dateModified":"2024-09-05T12:33:23+00:00","breadcrumb":{"@id":"https:\/\/ptm-mixer.com\/de\/unternehmen\/#breadcrumb"},"inLanguage":"de-DE","potentialAction":[{"@type":"ReadAction","target":["https:\/\/ptm-mixer.com\/de\/unternehmen\/"]}]},{"@type":"BreadcrumbList","@id":"https:\/\/ptm-mixer.com\/de\/unternehmen\/#breadcrumb","itemListElement":[{"@type":"ListItem","position":1,"name":"Home","item":"https:\/\/ptm-mixer.com\/de\/"},{"@type":"ListItem","position":2,"name":"Unternehmen"}]},{"@type":"WebSite","@id":"https:\/\/ptm-mixer.com\/de\/#website","url":"https:\/\/ptm-mixer.com\/de\/","name":"PTM Deutsch","description":"","potentialAction":[{"@type":"SearchAction","target":{"@type":"EntryPoint","urlTemplate":"https:\/\/ptm-mixer.com\/de\/?s={search_term_string}"},"query-input":{"@type":"PropertyValueSpecification","valueRequired":true,"valueName":"search_term_string"}}],"inLanguage":"de-DE"}]}},"_links":{"self":[{"href":"https:\/\/ptm-mixer.com\/de\/wp-json\/wp\/v2\/pages\/8"}],"collection":[{"href":"https:\/\/ptm-mixer.com\/de\/wp-json\/wp\/v2\/pages"}],"about":[{"href":"https:\/\/ptm-mixer.com\/de\/wp-json\/wp\/v2\/types\/page"}],"author":[{"embeddable":true,"href":"https:\/\/ptm-mixer.com\/de\/wp-json\/wp\/v2\/users\/1"}],"replies":[{"embeddable":true,"href":"https:\/\/ptm-mixer.com\/de\/wp-json\/wp\/v2\/comments?post=8"}],"version-history":[{"count":7,"href":"https:\/\/ptm-mixer.com\/de\/wp-json\/wp\/v2\/pages\/8\/revisions"}],"predecessor-version":[{"id":296,"href":"https:\/\/ptm-mixer.com\/de\/wp-json\/wp\/v2\/pages\/8\/revisions\/296"}],"wp:attachment":[{"href":"https:\/\/ptm-mixer.com\/de\/wp-json\/wp\/v2\/media?parent=8"}],"curies":[{"name":"wp","href":"https:\/\/api.w.org\/{rel}","templated":true}]}}