{"id":57,"date":"2024-08-26T10:06:49","date_gmt":"2024-08-26T10:06:49","guid":{"rendered":"https:\/\/ptm.xen1.de\/?post_type=product&#038;p=57"},"modified":"2024-12-05T11:11:45","modified_gmt":"2024-12-05T11:11:45","slug":"phantom-1400","status":"publish","type":"product","link":"https:\/\/ptm-mixer.com\/de\/products\/phantom-1400\/","title":{"rendered":"Phantom 1400"},"content":{"rendered":"<div x-data x-intersect=\"$refs.video?.play()\" class=\"alignfull relative intro-block\">\n    <div class=\"h-[300px] xl:h-[400px] lg:h-[400px] relative overflow-hidden\">\n        <div class=\"absolute top-0 left-0 bottom-0 right-0\">\n                                        <video x-ref=\"video\" preload=\"none\" class=\"absolute w-full h-full object-cover\" src=\"https:\/\/ptm-mixer.com\/app\/uploads\/sites\/3\/2024\/09\/PTM-Usage-Freepik-1658408_Petrochemical_Refinery-1920x550-1.mp4\" loop muted playsinline><\/video>\n                        <div class=\"absolute bottom-0 w-full h-1\/2 bg-gradient-to-b to-psi\/80 from-psi\/0\"><\/div>\n            <div class=\"absolute bottom-[10%] w-full\">\n                <div class=\"container mx-auto xl:max-w-screen-xl w-full text-omega\">\n                    <div class=\"grid grid-cols-[1fr_1fr] lg:flex lg:items-end\">\n                                                <div class=\"acf-innerblocks-container flex-grow -order-1 col-span-2 lg:order-none\">\n\n<h1 class=\"wp-block-heading\" id=\"find-the-right-mark-classhas-gradient-text-highlightmixermark\">Find the right <mark class=\"has-gradient-text-highlight\">Mixer<\/mark><\/h1>\n\n<\/div>\n                                            <\/div>\n                <\/div>\n            <\/div>\n        <\/div>\n    <\/div>\n<\/div>\n\n\n\n<h2 class=\"wp-block-heading\" id=\"the-mixer-forbryour-heavy-needs\">The mixer for<br>your Heavy Needs<\/h2>\n\n\n<div class=\"isle-block navigation-block\">\n    <nav>\n        <ul class=\"m-0 list-none flex flex-wrap uppercase gap-4 lg:gap-10\">\n                            <li>\n                    <a\n                        class=\"no-underline\"\n                        href=\"https:\/\/ptm-mixer.com\/de\/products\/phantom-1000\/\">Phantom 1000<\/a>\n                <\/li>\n                            <li>\n                    <a\n                        class=\"no-underline font-bold pointer-events-none\"\n                        href=\"https:\/\/ptm-mixer.com\/de\/products\/phantom-1400\/\">Phantom 1400<\/a>\n                <\/li>\n                            <li>\n                    <a\n                        class=\"no-underline\"\n                        href=\"https:\/\/ptm-mixer.com\/de\/products\/phantom-1700\/\">Phantom 1700<\/a>\n                <\/li>\n                            <li>\n                    <a\n                        class=\"no-underline\"\n                        href=\"https:\/\/ptm-mixer.com\/de\/products\/phantom-2500\/\">Phantom 2500<\/a>\n                <\/li>\n                            <li>\n                    <a\n                        class=\"no-underline\"\n                        href=\"https:\/\/ptm-mixer.com\/de\/products\/typhoon\/\">Typhoon<\/a>\n                <\/li>\n                    <\/ul>\n    <\/nav>\n<\/div>\n\n\n<div class=\"alignfull isle-block overflow-hidden\">\n    <div class=\"mx-auto container xl:max-w-screen-xl\">\n        <div class=\"md:grid grid-cols-[2fr_1fr] xl:gap-x-48\">\n            <div class=\"acf-innerblocks-container\">\n\n<h1 class=\"wp-block-heading has-md-font-size\" id=\"phantom-1400\">PHANTOM 1400<\/h1>\n\n\n\n<p>Ein Hybrid-Mixer f\u00fcr Biogasanwendungen, welches die hydraulische L\u00fccke zwischen langsam laufenden Phantom 2500 und den mit h\u00f6herer Drehzahl arbeitenden Phantom 1000 schlie\u00dft. In der Biogasanlage kann es somit durch hohe Schubkr\u00e4fte zur Ausbildung einer globalen Beckenstr\u00f6mung beitragen.<\/p>\n\n\n\n<p>Parallel dazu erzeugt der von Hydraulikexperten entworfene Propeller jedoch auch Turbulenzen, welche zur Verhinderung von Schwimmschichten erforderlich sind. Je nach Anwendungsfall ist dieses R\u00fchrwerk \u00e4u\u00dferst flexibel einsetzbar. Beispielsweise k\u00f6nnen Schnelll\u00e4ufer mit Motoren bis zu 18,5 kW ohne Schubkrafteinbu\u00dfen durch einen Phantom 1400 mit 7,5 kW Nennleistung ersetzt werden. Auf diese Weise k\u00f6nnen die Energiekosten bis zu 60% reduziert werden.<\/p>\n\n\n\n<p>Der Austausch kann in der Regel an der vorhandenen Einbaugarnitur erfolgen. Da es trotz geringen Energieverbrauchs sowohl die Funktion eines Str\u00f6mungsbeschleunigers als auch die einer Turbulenzquelle \u00fcbernimmt, kann das Phantom 1400 als alleiniges R\u00fchrwerk in Fermentern, beispielsweise von 75kW Biogasanlagen, eingesetzt werden.<\/p>\n\n<\/div>\n            <div class=\"hidden md:block lg:row-span-2\">\n                <img loading=\"lazy\" decoding=\"async\" width=\"700\" height=\"700\" src=\"https:\/\/ptm-mixer.com\/app\/uploads\/sites\/3\/2024\/08\/PTM-Ruehrwerk-1400.png\" class=\"block edge-half-sidebar-right max-w-none\" alt=\"\" srcset=\"https:\/\/ptm-mixer.com\/app\/uploads\/sites\/3\/2024\/08\/PTM-Ruehrwerk-1400.png 700w, https:\/\/ptm-mixer.com\/app\/uploads\/sites\/3\/2024\/08\/PTM-Ruehrwerk-1400-300x300.png 300w, https:\/\/ptm-mixer.com\/app\/uploads\/sites\/3\/2024\/08\/PTM-Ruehrwerk-1400-150x150.png 150w\" sizes=\"(max-width: 700px) 100vw, 700px\" \/>\n            <\/div>\n            <div class=\"md:hidden max-w-screen-sm mx-auto container my-10\">\n                <img loading=\"lazy\" decoding=\"async\" width=\"700\" height=\"700\" src=\"https:\/\/ptm-mixer.com\/app\/uploads\/sites\/3\/2024\/08\/PTM-Ruehrwerk-1400.png\" class=\"\" alt=\"\" srcset=\"https:\/\/ptm-mixer.com\/app\/uploads\/sites\/3\/2024\/08\/PTM-Ruehrwerk-1400.png 700w, https:\/\/ptm-mixer.com\/app\/uploads\/sites\/3\/2024\/08\/PTM-Ruehrwerk-1400-300x300.png 300w, https:\/\/ptm-mixer.com\/app\/uploads\/sites\/3\/2024\/08\/PTM-Ruehrwerk-1400-150x150.png 150w\" sizes=\"(max-width: 700px) 100vw, 700px\" \/>\n            <\/div>\n            <div class=\"my-10 col-span-2 lg:col-span-1\">\n                <div class=\"grid grid-cols-[1fr_1fr] lg:grid-cols-[auto_1fr] gap-x-5 md:gap-x-10\">\n                                            <div class=\"pt-10 pb-5\">\n                            <span class=\"has-md-font-size font-bold uppercase\">MOTOR<\/span>\n                        <\/div>\n                        <div class=\"pt-10 pb-5 font-normal\">\n                            <span class=\"space-x-1 text-alpha\">\n                                <button class=\"uppercase\" :class=\" {'font-bold': isImperial} \" x-on:click=\"switchToImperial\">Inch<\/button>\n                                <span>\/<\/span>\n                                <button class=\"uppercase\" :class=\" {'font-bold': !isImperial} \" x-on:click=\"switchToMetric\">Cm<\/button>\n                            <\/span>\n                        <\/div>\n                                                    <div class=\"\">Energieeffizienzklasse:<\/div>\n                            <div class=\"\" x-html=\"isImperial &#038;&#038; '' ? '': 'IE3'\"><\/div>\n                                                    <div class=\"\">Ex-Schutz:<\/div>\n                            <div class=\"\" x-html=\"isImperial &#038;&#038; 'XP CLASS I, DIV. 1 GROUPS C&amp;D T3' ? 'XP CLASS I, DIV. 1 GROUPS C&amp;D T3': 'II 2G Ex db h IIB T3 Gb'\"><\/div>\n                                                    <div class=\"\">Motorleistung<\/div>\n                            <div class=\"\" x-html=\"isImperial &#038;&#038; '15-21,8 HP' ? '15-21,8 HP': '11-16 kW'\"><\/div>\n                                                    <div class=\"\">Max. zul\u00e4ssige Temperatur:<\/div>\n                            <div class=\"\" x-html=\"isImperial &#038;&#038; '140 \u00b0F' ? '140 \u00b0F': ' 60 \u00b0C'\"><\/div>\n                                                                                        <div class=\"pt-10 pb-5\"><span class=\"has-md-font-size font-bold uppercase\">Propeller<\/span><\/div>\n                        <div><\/div>\n                                                    <div class=\"\">Werkstoff Propeller:<\/div>\n                            <div class=\"\" x-html=\"isImperial &#038;&#038; '' ? '': 'Physinit&lt;sup&gt;\u00ae&lt;\/sup&gt;'\"><\/div>\n                                                    <div class=\"\">Durchmesser Propeller <\/div>\n                            <div class=\"\" x-html=\"isImperial &#038;&#038; '55.12 inch' ? '55.12 inch': '1400 mm'\"><\/div>\n                                                    <div class=\"\">Drehzahl Propeller<\/div>\n                            <div class=\"\" x-html=\"isImperial &#038;&#038; '90-115 rpm' ? '90-115 rpm': '90-115 U\/min'\"><\/div>\n                                                            <\/div>\n            <\/div>\n        <\/div>\n    <\/div>\n<\/div>\n\n\n<div class=\"isle-block isle-block--base\">\n    <div class=\"flex flex-wrap gap-[30px]\">\n                    <div class=\"w-full lg:w-[calc(100%_\/_3_-_30px)]\">\n                <div class=\"relative pb-[40%] lg:pb-[60%] overflow-hidden\">\n    <div class=\"absolute w-full h-full\">\n        <img loading=\"lazy\" decoding=\"async\" width=\"1024\" height=\"683\" src=\"https:\/\/ptm-mixer.com\/app\/uploads\/sites\/3\/2024\/08\/f0a53e0bc18e3457f5573f611ee281ea-1024x683.jpeg\" class=\"w-full h-full object-cover\" alt=\"\" srcset=\"https:\/\/ptm-mixer.com\/app\/uploads\/sites\/3\/2024\/08\/f0a53e0bc18e3457f5573f611ee281ea-1024x683.jpeg 1024w, https:\/\/ptm-mixer.com\/app\/uploads\/sites\/3\/2024\/08\/f0a53e0bc18e3457f5573f611ee281ea-300x200.jpeg 300w, https:\/\/ptm-mixer.com\/app\/uploads\/sites\/3\/2024\/08\/f0a53e0bc18e3457f5573f611ee281ea-768x512.jpeg 768w, https:\/\/ptm-mixer.com\/app\/uploads\/sites\/3\/2024\/08\/f0a53e0bc18e3457f5573f611ee281ea-1536x1024.jpeg 1536w, https:\/\/ptm-mixer.com\/app\/uploads\/sites\/3\/2024\/08\/f0a53e0bc18e3457f5573f611ee281ea-2048x1366.jpeg 2048w\" sizes=\"(max-width: 1024px) 100vw, 1024px\" \/>\n        <div class=\"absolute bottom-0 bg-alpha\/80 text-omega w-full px-6 py-2 font-bold uppercase\">\n            Biogas\n        <\/div>\n        <a class=\"unit-link\" href=\"https:\/\/ptm-mixer.com\/de\/cases\/biogas\/\"><\/a>\n    <\/div>\n<\/div>\n            <\/div>\n                    <div class=\"w-full lg:w-[calc(100%_\/_3_-_30px)]\">\n                <div class=\"relative pb-[40%] lg:pb-[60%] overflow-hidden\">\n    <div class=\"absolute w-full h-full\">\n        <img loading=\"lazy\" decoding=\"async\" width=\"1024\" height=\"930\" src=\"https:\/\/ptm-mixer.com\/app\/uploads\/sites\/3\/2024\/08\/6d0574d60523071f56caee2dd0a28377-1024x930.png\" class=\"w-full h-full object-cover\" alt=\"\" srcset=\"https:\/\/ptm-mixer.com\/app\/uploads\/sites\/3\/2024\/08\/6d0574d60523071f56caee2dd0a28377-1024x930.png 1024w, https:\/\/ptm-mixer.com\/app\/uploads\/sites\/3\/2024\/08\/6d0574d60523071f56caee2dd0a28377-300x272.png 300w, https:\/\/ptm-mixer.com\/app\/uploads\/sites\/3\/2024\/08\/6d0574d60523071f56caee2dd0a28377-768x697.png 768w, https:\/\/ptm-mixer.com\/app\/uploads\/sites\/3\/2024\/08\/6d0574d60523071f56caee2dd0a28377-1536x1395.png 1536w, https:\/\/ptm-mixer.com\/app\/uploads\/sites\/3\/2024\/08\/6d0574d60523071f56caee2dd0a28377-2048x1859.png 2048w\" sizes=\"(max-width: 1024px) 100vw, 1024px\" \/>\n        <div class=\"absolute bottom-0 bg-alpha\/80 text-omega w-full px-6 py-2 font-bold uppercase\">\n            Bohrschlamm\n        <\/div>\n        <a class=\"unit-link\" href=\"https:\/\/ptm-mixer.com\/de\/cases\/drilling-mud\/\"><\/a>\n    <\/div>\n<\/div>\n            <\/div>\n                    <div class=\"w-full lg:w-[calc(100%_\/_3_-_30px)]\">\n                <div class=\"relative pb-[40%] lg:pb-[60%] overflow-hidden\">\n    <div class=\"absolute w-full h-full\">\n        <img loading=\"lazy\" decoding=\"async\" width=\"920\" height=\"613\" src=\"https:\/\/ptm-mixer.com\/app\/uploads\/sites\/3\/2024\/09\/excavator-digging-ground-day-light-compressed.png\" class=\"w-full h-full object-cover\" alt=\"\" srcset=\"https:\/\/ptm-mixer.com\/app\/uploads\/sites\/3\/2024\/09\/excavator-digging-ground-day-light-compressed.png 920w, https:\/\/ptm-mixer.com\/app\/uploads\/sites\/3\/2024\/09\/excavator-digging-ground-day-light-compressed-300x200.png 300w, https:\/\/ptm-mixer.com\/app\/uploads\/sites\/3\/2024\/09\/excavator-digging-ground-day-light-compressed-768x512.png 768w\" sizes=\"(max-width: 920px) 100vw, 920px\" \/>\n        <div class=\"absolute bottom-0 bg-alpha\/80 text-omega w-full px-6 py-2 font-bold uppercase\">\n            Bergbau\n        <\/div>\n        <a class=\"unit-link\" href=\"https:\/\/ptm-mixer.com\/de\/cases\/mining\/\"><\/a>\n    <\/div>\n<\/div>\n            <\/div>\n            <\/div>\n<\/div>\n","protected":false},"excerpt":{"rendered":"<p>Dieser Hybrid-Mixer schlie\u00dft die L\u00fccke zwischen der mit hoher Drehzahl laufender Phantom 1000 und der langsam laufenden Phantom 2500.<\/p>\n","protected":false},"author":1,"featured_media":497,"parent":0,"template":"","acf":[],"yoast_head":"<!-- This site is optimized with the Yoast SEO plugin v23.7 - https:\/\/yoast.com\/wordpress\/plugins\/seo\/ -->\n<title>Phantom 1400 - PTM Deutsch<\/title>\n<meta name=\"robots\" content=\"index, follow, max-snippet:-1, max-image-preview:large, max-video-preview:-1\" \/>\n<link rel=\"canonical\" href=\"https:\/\/ptm-mixer.com\/de\/products\/phantom-1400\/\" \/>\n<meta property=\"og:locale\" content=\"de_DE\" \/>\n<meta property=\"og:type\" content=\"article\" \/>\n<meta property=\"og:title\" content=\"Phantom 1400 - PTM Deutsch\" \/>\n<meta property=\"og:description\" content=\"Dieser Hybrid-Mixer schlie\u00dft die L\u00fccke zwischen der mit hoher Drehzahl laufender Phantom 1000 und der langsam laufenden Phantom 2500.\" \/>\n<meta property=\"og:url\" content=\"https:\/\/ptm-mixer.com\/de\/products\/phantom-1400\/\" \/>\n<meta property=\"og:site_name\" content=\"PTM Deutsch\" \/>\n<meta property=\"article:modified_time\" content=\"2024-12-05T11:11:45+00:00\" \/>\n<meta property=\"og:image\" content=\"https:\/\/ptm-mixer.com\/app\/uploads\/sites\/3\/2024\/08\/PTM-Ruehrwerk-1400.png\" \/>\n\t<meta property=\"og:image:width\" content=\"700\" \/>\n\t<meta property=\"og:image:height\" content=\"700\" \/>\n\t<meta property=\"og:image:type\" content=\"image\/png\" \/>\n<meta name=\"twitter:card\" content=\"summary_large_image\" \/>\n<meta name=\"twitter:label1\" content=\"Gesch\u00e4tzte Lesezeit\" \/>\n\t<meta name=\"twitter:data1\" content=\"2 Minuten\" \/>\n<script type=\"application\/ld+json\" class=\"yoast-schema-graph\">{\"@context\":\"https:\/\/schema.org\",\"@graph\":[{\"@type\":\"WebPage\",\"@id\":\"https:\/\/ptm-mixer.com\/de\/products\/phantom-1400\/\",\"url\":\"https:\/\/ptm-mixer.com\/de\/products\/phantom-1400\/\",\"name\":\"Phantom 1400 - PTM Deutsch\",\"isPartOf\":{\"@id\":\"https:\/\/ptm-mixer.com\/de\/#website\"},\"primaryImageOfPage\":{\"@id\":\"https:\/\/ptm-mixer.com\/de\/products\/phantom-1400\/#primaryimage\"},\"image\":{\"@id\":\"https:\/\/ptm-mixer.com\/de\/products\/phantom-1400\/#primaryimage\"},\"thumbnailUrl\":\"https:\/\/ptm-mixer.com\/app\/uploads\/sites\/3\/2024\/08\/PTM-Ruehrwerk-1400.png\",\"datePublished\":\"2024-08-26T10:06:49+00:00\",\"dateModified\":\"2024-12-05T11:11:45+00:00\",\"breadcrumb\":{\"@id\":\"https:\/\/ptm-mixer.com\/de\/products\/phantom-1400\/#breadcrumb\"},\"inLanguage\":\"de-DE\",\"potentialAction\":[{\"@type\":\"ReadAction\",\"target\":[\"https:\/\/ptm-mixer.com\/de\/products\/phantom-1400\/\"]}]},{\"@type\":\"ImageObject\",\"inLanguage\":\"de-DE\",\"@id\":\"https:\/\/ptm-mixer.com\/de\/products\/phantom-1400\/#primaryimage\",\"url\":\"https:\/\/ptm-mixer.com\/app\/uploads\/sites\/3\/2024\/08\/PTM-Ruehrwerk-1400.png\",\"contentUrl\":\"https:\/\/ptm-mixer.com\/app\/uploads\/sites\/3\/2024\/08\/PTM-Ruehrwerk-1400.png\",\"width\":700,\"height\":700},{\"@type\":\"BreadcrumbList\",\"@id\":\"https:\/\/ptm-mixer.com\/de\/products\/phantom-1400\/#breadcrumb\",\"itemListElement\":[{\"@type\":\"ListItem\",\"position\":1,\"name\":\"Home\",\"item\":\"https:\/\/ptm-mixer.com\/de\/\"},{\"@type\":\"ListItem\",\"position\":2,\"name\":\"Phantom 1400\"}]},{\"@type\":\"WebSite\",\"@id\":\"https:\/\/ptm-mixer.com\/de\/#website\",\"url\":\"https:\/\/ptm-mixer.com\/de\/\",\"name\":\"PTM Deutsch\",\"description\":\"\",\"potentialAction\":[{\"@type\":\"SearchAction\",\"target\":{\"@type\":\"EntryPoint\",\"urlTemplate\":\"https:\/\/ptm-mixer.com\/de\/?s={search_term_string}\"},\"query-input\":{\"@type\":\"PropertyValueSpecification\",\"valueRequired\":true,\"valueName\":\"search_term_string\"}}],\"inLanguage\":\"de-DE\"}]}<\/script>\n<!-- \/ Yoast SEO plugin. -->","yoast_head_json":{"title":"Phantom 1400 - PTM Deutsch","robots":{"index":"index","follow":"follow","max-snippet":"max-snippet:-1","max-image-preview":"max-image-preview:large","max-video-preview":"max-video-preview:-1"},"canonical":"https:\/\/ptm-mixer.com\/de\/products\/phantom-1400\/","og_locale":"de_DE","og_type":"article","og_title":"Phantom 1400 - PTM Deutsch","og_description":"Dieser Hybrid-Mixer schlie\u00dft die L\u00fccke zwischen der mit hoher Drehzahl laufender Phantom 1000 und der langsam laufenden Phantom 2500.","og_url":"https:\/\/ptm-mixer.com\/de\/products\/phantom-1400\/","og_site_name":"PTM Deutsch","article_modified_time":"2024-12-05T11:11:45+00:00","og_image":[{"width":700,"height":700,"url":"https:\/\/ptm-mixer.com\/app\/uploads\/sites\/3\/2024\/08\/PTM-Ruehrwerk-1400.png","type":"image\/png"}],"twitter_card":"summary_large_image","twitter_misc":{"Gesch\u00e4tzte Lesezeit":"2 Minuten"},"schema":{"@context":"https:\/\/schema.org","@graph":[{"@type":"WebPage","@id":"https:\/\/ptm-mixer.com\/de\/products\/phantom-1400\/","url":"https:\/\/ptm-mixer.com\/de\/products\/phantom-1400\/","name":"Phantom 1400 - PTM Deutsch","isPartOf":{"@id":"https:\/\/ptm-mixer.com\/de\/#website"},"primaryImageOfPage":{"@id":"https:\/\/ptm-mixer.com\/de\/products\/phantom-1400\/#primaryimage"},"image":{"@id":"https:\/\/ptm-mixer.com\/de\/products\/phantom-1400\/#primaryimage"},"thumbnailUrl":"https:\/\/ptm-mixer.com\/app\/uploads\/sites\/3\/2024\/08\/PTM-Ruehrwerk-1400.png","datePublished":"2024-08-26T10:06:49+00:00","dateModified":"2024-12-05T11:11:45+00:00","breadcrumb":{"@id":"https:\/\/ptm-mixer.com\/de\/products\/phantom-1400\/#breadcrumb"},"inLanguage":"de-DE","potentialAction":[{"@type":"ReadAction","target":["https:\/\/ptm-mixer.com\/de\/products\/phantom-1400\/"]}]},{"@type":"ImageObject","inLanguage":"de-DE","@id":"https:\/\/ptm-mixer.com\/de\/products\/phantom-1400\/#primaryimage","url":"https:\/\/ptm-mixer.com\/app\/uploads\/sites\/3\/2024\/08\/PTM-Ruehrwerk-1400.png","contentUrl":"https:\/\/ptm-mixer.com\/app\/uploads\/sites\/3\/2024\/08\/PTM-Ruehrwerk-1400.png","width":700,"height":700},{"@type":"BreadcrumbList","@id":"https:\/\/ptm-mixer.com\/de\/products\/phantom-1400\/#breadcrumb","itemListElement":[{"@type":"ListItem","position":1,"name":"Home","item":"https:\/\/ptm-mixer.com\/de\/"},{"@type":"ListItem","position":2,"name":"Phantom 1400"}]},{"@type":"WebSite","@id":"https:\/\/ptm-mixer.com\/de\/#website","url":"https:\/\/ptm-mixer.com\/de\/","name":"PTM Deutsch","description":"","potentialAction":[{"@type":"SearchAction","target":{"@type":"EntryPoint","urlTemplate":"https:\/\/ptm-mixer.com\/de\/?s={search_term_string}"},"query-input":{"@type":"PropertyValueSpecification","valueRequired":true,"valueName":"search_term_string"}}],"inLanguage":"de-DE"}]}},"_links":{"self":[{"href":"https:\/\/ptm-mixer.com\/de\/wp-json\/wp\/v2\/product\/57"}],"collection":[{"href":"https:\/\/ptm-mixer.com\/de\/wp-json\/wp\/v2\/product"}],"about":[{"href":"https:\/\/ptm-mixer.com\/de\/wp-json\/wp\/v2\/types\/product"}],"author":[{"embeddable":true,"href":"https:\/\/ptm-mixer.com\/de\/wp-json\/wp\/v2\/users\/1"}],"version-history":[{"count":26,"href":"https:\/\/ptm-mixer.com\/de\/wp-json\/wp\/v2\/product\/57\/revisions"}],"predecessor-version":[{"id":515,"href":"https:\/\/ptm-mixer.com\/de\/wp-json\/wp\/v2\/product\/57\/revisions\/515"}],"wp:featuredmedia":[{"embeddable":true,"href":"https:\/\/ptm-mixer.com\/de\/wp-json\/wp\/v2\/media\/497"}],"wp:attachment":[{"href":"https:\/\/ptm-mixer.com\/de\/wp-json\/wp\/v2\/media?parent=57"}],"curies":[{"name":"wp","href":"https:\/\/api.w.org\/{rel}","templated":true}]}}